{"id":6741,"date":"2018-01-02T11:42:25","date_gmt":"2018-01-02T11:42:25","guid":{"rendered":"https:\/\/habitat-tech.com\/suscribe\/"},"modified":"2019-06-11T10:17:29","modified_gmt":"2019-06-11T10:17:29","slug":"inscripcion","status":"publish","type":"page","link":"https:\/\/habitat-tech.com\/es\/inscripcion\/","title":{"rendered":"Inscripci\u00f3n"},"content":{"rendered":"<p><strong><span style=\"color: #ea6b00;\">\u00a1Estamos recibiendo solicitudes para la pr\u00f3xima edici\u00f3n!<\/span><\/strong><\/p>\n<div role=\"form\" class=\"wpcf7\" id=\"wpcf7-f6979-o1\" lang=\"es-ES\" dir=\"ltr\">\n<div class=\"screen-reader-response\"><p role=\"status\" aria-live=\"polite\" aria-atomic=\"true\"><\/p> <ul><\/ul><\/div>\n<form action=\"\/es\/wp-json\/wp\/v2\/pages\/6741#wpcf7-f6979-o1\" method=\"post\" class=\"wpcf7-form init\" novalidate=\"novalidate\" data-status=\"init\">\n<div style=\"display: none;\">\n<input type=\"hidden\" name=\"_wpcf7\" value=\"6979\" \/>\n<input type=\"hidden\" name=\"_wpcf7_version\" value=\"5.5.3\" \/>\n<input type=\"hidden\" name=\"_wpcf7_locale\" value=\"es_ES\" \/>\n<input type=\"hidden\" name=\"_wpcf7_unit_tag\" value=\"wpcf7-f6979-o1\" \/>\n<input type=\"hidden\" name=\"_wpcf7_container_post\" value=\"0\" \/>\n<input type=\"hidden\" name=\"_wpcf7_posted_data_hash\" value=\"\" \/>\n<input type=\"hidden\" name=\"_wpcf7_recaptcha_response\" value=\"\" \/>\n<\/div>\n<div class=\"form-group label-floating\">\n  <label class=\"control-label\" for=\"company\">Nombre de la compa\u00f1\u00eda<\/label><span class=\"wpcf7-form-control-wrap company\"><input type=\"text\" name=\"company\" value=\"\" size=\"40\" class=\"wpcf7-form-control wpcf7-text wpcf7-validates-as-required form-control\" id=\"companyname\" aria-required=\"true\" aria-invalid=\"false\" \/><\/span>\n<\/div>\n<div class=\"form-group label-floating\">\n  <label class=\"control-label\" for=\"headquarter \">D\u00f3nde est\u00e1 localizada la empresa (Ciudad y Pa\u00eds) *<\/label><span class=\"wpcf7-form-control-wrap headquarter\"><input type=\"text\" name=\"headquarter\" value=\"\" size=\"40\" class=\"wpcf7-form-control wpcf7-text wpcf7-validates-as-required form-control\" id=\"headquarter\" aria-required=\"true\" aria-invalid=\"false\" \/><\/span>\n<\/div>\n<div class=\"form-group label-floating\">\n  <label class=\"control-label\" for=\"website\">Website<\/label><span class=\"wpcf7-form-control-wrap website\"><input type=\"text\" name=\"website\" value=\"\" size=\"40\" class=\"wpcf7-form-control wpcf7-text wpcf7-validates-as-required form-control\" id=\"website\" aria-required=\"true\" aria-invalid=\"false\" \/><\/span>\n<\/div>\n<div class=\"form-group label-floating\">\n  <label class=\"control-label\" for=\"technology_cat\">Categor\u00eda Tecnol\u00f3gica <\/label><span class=\"wpcf7-form-control-wrap technology_cat\"><input type=\"text\" name=\"technology_cat\" value=\"\" size=\"40\" class=\"wpcf7-form-control wpcf7-text wpcf7-validates-as-required form-control\" id=\"technology_cat\" aria-required=\"true\" aria-invalid=\"false\" \/><\/span>\n<\/div>\n<div class=\"form-group label-floating\">\n  <label class=\"control-label\" for=\"brief_tec\">Breve descripci\u00f3n de su tecnolog\u00eda<\/label><span class=\"wpcf7-form-control-wrap brief_tec\"><input type=\"text\" name=\"brief_tec\" value=\"\" size=\"40\" class=\"wpcf7-form-control wpcf7-text wpcf7-validates-as-required form-control\" id=\"brief_tec\" aria-required=\"true\" aria-invalid=\"false\" \/><\/span>\n<\/div>\n<div class=\"form-group label-floating\">\n  <label class=\"control-label\" for=\"problem\">\u00bfQu\u00e9 problema resuelve tu tecnolog\u00eda?*<\/label><span class=\"wpcf7-form-control-wrap problem\"><textarea name=\"problem\" cols=\"40\" rows=\"10\" class=\"wpcf7-form-control wpcf7-textarea wpcf7-validates-as-required form-control\" id=\"problem\" aria-required=\"true\" aria-invalid=\"false\"><\/textarea><\/span>\n<\/div>\n<div class=\"form-group label-floating\">\n  <label class=\"control-label\" for=\"industry_clients\">En qu\u00e9 industria est\u00e1n tus clientes*<\/label><span class=\"wpcf7-form-control-wrap industry_clients\"><textarea name=\"industry_clients\" cols=\"40\" rows=\"10\" class=\"wpcf7-form-control wpcf7-textarea wpcf7-validates-as-required form-control\" id=\"industry_clients\" aria-required=\"true\" aria-invalid=\"false\"><\/textarea><\/span>\n<\/div>\n<div class=\"form-group label-floating\">\n  <label class=\"control-label\" for=\"clientexamples\">Cita alg\u00fan ejemplo de tus clients actuales<\/label><span class=\"wpcf7-form-control-wrap clientexamples\"><textarea name=\"clientexamples\" cols=\"40\" rows=\"10\" class=\"wpcf7-form-control wpcf7-textarea wpcf7-validates-as-required form-control\" id=\"clientexamples\" aria-required=\"true\" aria-invalid=\"false\"><\/textarea><\/span>\n<\/div>\n<div class=\"form-group\">\n  <label class=\"control-label\" for=\"invested\">\u00bfT\u00fa proyecto ha recibido inversi\u00f3n?<\/label><br \/>\n<span class=\"wpcf7-form-control-wrap invested\"><span class=\"wpcf7-form-control wpcf7-radio form-control invested\" id=\"invested\"><span class=\"wpcf7-list-item first\"><input type=\"radio\" name=\"invested\" value=\"Yes\" checked=\"checked\" \/><span class=\"wpcf7-list-item-label\">Si<\/span><\/span><span class=\"wpcf7-list-item last\"><input type=\"radio\" name=\"invested\" value=\"No\" \/><span class=\"wpcf7-list-item-label\">No<\/span><\/span><\/span><\/span>\n<\/div>\n<div class=\"form-group label-floating\">\n  <label class=\"control-label\" for=\"amountinvested\">Cantidad invertida<\/label><span class=\"wpcf7-form-control-wrap amountinvested\"><input type=\"text\" name=\"amountinvested\" value=\"\" size=\"40\" class=\"wpcf7-form-control wpcf7-text form-control\" id=\"amountinvested\" aria-invalid=\"false\" \/><\/span>\n<\/div>\n<div class=\"form-group label-floating\">\n  <label class=\"control-label\" for=\"people_working\">Cu\u00e1nta gente forma el equipo? (Cita nombres y puestos)*<\/label><span class=\"wpcf7-form-control-wrap people_working\"><textarea name=\"people_working\" cols=\"40\" rows=\"10\" class=\"wpcf7-form-control wpcf7-textarea wpcf7-validates-as-required form-control\" id=\"people_working\" aria-required=\"true\" aria-invalid=\"false\"><\/textarea><\/span>\n<\/div>\n<h3>Informaci\u00f3n de contacto<\/h3>\n<div class=\"form-group label-floating\">\n  <label class=\"control-label\" for=\"full_name\">Nombre<\/label><span class=\"wpcf7-form-control-wrap full_name\"><input type=\"text\" name=\"full_name\" value=\"\" size=\"40\" class=\"wpcf7-form-control wpcf7-text wpcf7-validates-as-required form-control\" id=\"full_name\" aria-required=\"true\" aria-invalid=\"false\" \/><\/span>\n<\/div>\n<div class=\"form-group label-floating\">\n  <label class=\"control-label\" for=\"jobposition\">Cargo<\/label><span class=\"wpcf7-form-control-wrap jobposition\"><input type=\"text\" name=\"jobposition\" value=\"\" size=\"40\" class=\"wpcf7-form-control wpcf7-text wpcf7-validates-as-required form-control\" id=\"jobposition\" aria-required=\"true\" aria-invalid=\"false\" \/><\/span>\n<\/div>\n<div class=\"form-group label-floating\">\n  <label class=\"control-label\" for=\"contactemail\">Email de contacto<\/label><span class=\"wpcf7-form-control-wrap contactemail\"><input type=\"text\" name=\"contactemail\" value=\"\" size=\"40\" class=\"wpcf7-form-control wpcf7-text wpcf7-validates-as-required form-control\" id=\"contactemail\" aria-required=\"true\" aria-invalid=\"false\" \/><\/span>\n<\/div>\n<div class=\"form-group label-floating\">\n  <label class=\"control-label\" for=\"contactphone\">Tel\u00e9fono<\/label><span class=\"wpcf7-form-control-wrap contactphone\"><input type=\"text\" name=\"contactphone\" value=\"\" size=\"40\" class=\"wpcf7-form-control wpcf7-text wpcf7-validates-as-required form-control\" id=\"contactphone\" aria-required=\"true\" aria-invalid=\"false\" \/><\/span>\n<\/div>\n<div class=\"form-group label-floating\">\n  <label class=\"control-label\" for=\"why\">Why are you interested in participating in 'Habitat Tech'and what do you expect to gain from your participation in the program<\/label><span class=\"wpcf7-form-control-wrap why\"><textarea name=\"why\" cols=\"40\" rows=\"10\" class=\"wpcf7-form-control wpcf7-textarea wpcf7-validates-as-required form-control\" id=\"why\" aria-required=\"true\" aria-invalid=\"false\"><\/textarea><\/span>\n<\/div>\n<div class=\"aviso-legal\">\n<span class=\"wpcf7-form-control-wrap acceptance-413\"><span class=\"wpcf7-form-control wpcf7-acceptance\"><span class=\"wpcf7-list-item\"><input type=\"checkbox\" name=\"acceptance-413\" value=\"1\" aria-invalid=\"false\" \/><\/span><\/span><\/span> <span>Acepto <a href=\"https:\/\/habitat-tech.com\/es\/aviso-legal\/\" >los t\u00e9rminos y condiciones<\/a> y <a href=\"https:\/\/habitat-tech.com\/es\/politica-de-privacidad\/\" > la  pol\u00edtica de privacidad<\/a><\/span>\n<\/div>\n<p><input type=\"submit\" value=\"Send\" class=\"wpcf7-form-control has-spinner wpcf7-submit btn btn-azul\" \/><\/p>\n<div class=\"wpcf7-response-output\" aria-hidden=\"true\"><\/div><\/form><\/div>\n","protected":false},"excerpt":{"rendered":"<p>\u00a1Estamos recibiendo solicitudes para la pr\u00f3xima edici\u00f3n!<\/p>\n","protected":false},"author":4,"featured_media":0,"parent":0,"menu_order":0,"comment_status":"closed","ping_status":"closed","template":"templates\/template-suscripcion.php","meta":[],"yoast_head":"<!-- This site is optimized with the Yoast SEO plugin v17.8 - https:\/\/yoast.com\/wordpress\/plugins\/seo\/ -->\n<title>Inscripci\u00f3n<\/title>\n<meta name=\"description\" content=\"\u00a1Estamos recibiendo solicitudes para la edici\u00f3n 2018!\" \/>\n<meta name=\"robots\" content=\"index, follow, max-snippet:-1, max-image-preview:large, max-video-preview:-1\" \/>\n<link rel=\"canonical\" href=\"https:\/\/habitat-tech.com\/es\/inscripcion\/\" \/>\n<meta property=\"og:locale\" content=\"es_ES\" \/>\n<meta property=\"og:type\" content=\"article\" \/>\n<meta property=\"og:title\" content=\"Inscripci\u00f3n\" \/>\n<meta property=\"og:description\" content=\"\u00a1Estamos recibiendo solicitudes para la edici\u00f3n 2018!\" \/>\n<meta property=\"og:url\" content=\"https:\/\/habitat-tech.com\/es\/inscripcion\/\" \/>\n<meta property=\"og:site_name\" content=\"Habitat Tech\" \/>\n<meta property=\"article:modified_time\" content=\"2019-06-11T10:17:29+00:00\" \/>\n<meta name=\"twitter:card\" content=\"summary_large_image\" \/>\n<script type=\"application\/ld+json\" class=\"yoast-schema-graph\">{\"@context\":\"https:\/\/schema.org\",\"@graph\":[{\"@type\":\"WebSite\",\"@id\":\"https:\/\/habitat-tech.com\/es\/#website\",\"url\":\"https:\/\/habitat-tech.com\/es\/\",\"name\":\"Habitat Tech\",\"description\":\"\",\"potentialAction\":[{\"@type\":\"SearchAction\",\"target\":{\"@type\":\"EntryPoint\",\"urlTemplate\":\"https:\/\/habitat-tech.com\/es\/?s={search_term_string}\"},\"query-input\":\"required name=search_term_string\"}],\"inLanguage\":\"es\"},{\"@type\":\"WebPage\",\"@id\":\"https:\/\/habitat-tech.com\/es\/inscripcion\/#webpage\",\"url\":\"https:\/\/habitat-tech.com\/es\/inscripcion\/\",\"name\":\"Inscripci\\u00f3n\",\"isPartOf\":{\"@id\":\"https:\/\/habitat-tech.com\/es\/#website\"},\"datePublished\":\"2018-01-02T11:42:25+00:00\",\"dateModified\":\"2019-06-11T10:17:29+00:00\",\"description\":\"\\u00a1Estamos recibiendo solicitudes para la edici\\u00f3n 2018!\",\"breadcrumb\":{\"@id\":\"https:\/\/habitat-tech.com\/es\/inscripcion\/#breadcrumb\"},\"inLanguage\":\"es\",\"potentialAction\":[{\"@type\":\"ReadAction\",\"target\":[\"https:\/\/habitat-tech.com\/es\/inscripcion\/\"]}]},{\"@type\":\"BreadcrumbList\",\"@id\":\"https:\/\/habitat-tech.com\/es\/inscripcion\/#breadcrumb\",\"itemListElement\":[{\"@type\":\"ListItem\",\"position\":1,\"name\":\"Portada\",\"item\":\"https:\/\/habitat-tech.com\/es\/\"},{\"@type\":\"ListItem\",\"position\":2,\"name\":\"Inscripci\\u00f3n\"}]}]}<\/script>\n<!-- \/ Yoast SEO plugin. -->","yoast_head_json":{"title":"Inscripci\u00f3n","description":"\u00a1Estamos recibiendo solicitudes para la edici\u00f3n 2018!","robots":{"index":"index","follow":"follow","max-snippet":"max-snippet:-1","max-image-preview":"max-image-preview:large","max-video-preview":"max-video-preview:-1"},"canonical":"https:\/\/habitat-tech.com\/es\/inscripcion\/","og_locale":"es_ES","og_type":"article","og_title":"Inscripci\u00f3n","og_description":"\u00a1Estamos recibiendo solicitudes para la edici\u00f3n 2018!","og_url":"https:\/\/habitat-tech.com\/es\/inscripcion\/","og_site_name":"Habitat Tech","article_modified_time":"2019-06-11T10:17:29+00:00","twitter_card":"summary_large_image","schema":{"@context":"https:\/\/schema.org","@graph":[{"@type":"WebSite","@id":"https:\/\/habitat-tech.com\/es\/#website","url":"https:\/\/habitat-tech.com\/es\/","name":"Habitat Tech","description":"","potentialAction":[{"@type":"SearchAction","target":{"@type":"EntryPoint","urlTemplate":"https:\/\/habitat-tech.com\/es\/?s={search_term_string}"},"query-input":"required name=search_term_string"}],"inLanguage":"es"},{"@type":"WebPage","@id":"https:\/\/habitat-tech.com\/es\/inscripcion\/#webpage","url":"https:\/\/habitat-tech.com\/es\/inscripcion\/","name":"Inscripci\u00f3n","isPartOf":{"@id":"https:\/\/habitat-tech.com\/es\/#website"},"datePublished":"2018-01-02T11:42:25+00:00","dateModified":"2019-06-11T10:17:29+00:00","description":"\u00a1Estamos recibiendo solicitudes para la edici\u00f3n 2018!","breadcrumb":{"@id":"https:\/\/habitat-tech.com\/es\/inscripcion\/#breadcrumb"},"inLanguage":"es","potentialAction":[{"@type":"ReadAction","target":["https:\/\/habitat-tech.com\/es\/inscripcion\/"]}]},{"@type":"BreadcrumbList","@id":"https:\/\/habitat-tech.com\/es\/inscripcion\/#breadcrumb","itemListElement":[{"@type":"ListItem","position":1,"name":"Portada","item":"https:\/\/habitat-tech.com\/es\/"},{"@type":"ListItem","position":2,"name":"Inscripci\u00f3n"}]}]}},"_links":{"self":[{"href":"https:\/\/habitat-tech.com\/es\/wp-json\/wp\/v2\/pages\/6741"}],"collection":[{"href":"https:\/\/habitat-tech.com\/es\/wp-json\/wp\/v2\/pages"}],"about":[{"href":"https:\/\/habitat-tech.com\/es\/wp-json\/wp\/v2\/types\/page"}],"author":[{"embeddable":true,"href":"https:\/\/habitat-tech.com\/es\/wp-json\/wp\/v2\/users\/4"}],"replies":[{"embeddable":true,"href":"https:\/\/habitat-tech.com\/es\/wp-json\/wp\/v2\/comments?post=6741"}],"version-history":[{"count":11,"href":"https:\/\/habitat-tech.com\/es\/wp-json\/wp\/v2\/pages\/6741\/revisions"}],"predecessor-version":[{"id":7107,"href":"https:\/\/habitat-tech.com\/es\/wp-json\/wp\/v2\/pages\/6741\/revisions\/7107"}],"wp:attachment":[{"href":"https:\/\/habitat-tech.com\/es\/wp-json\/wp\/v2\/media?parent=6741"}],"curies":[{"name":"wp","href":"https:\/\/api.w.org\/{rel}","templated":true}]}}