{"id":6749,"date":"2018-01-03T08:08:13","date_gmt":"2018-01-03T08:08:13","guid":{"rendered":"https:\/\/habitat-tech.com\/legal\/"},"modified":"2019-06-17T09:26:42","modified_gmt":"2019-06-17T09:26:42","slug":"politica-de-privacidad","status":"publish","type":"page","link":"https:\/\/habitat-tech.com\/es\/politica-de-privacidad\/","title":{"rendered":"Pol\u00edtica de privacidad"},"content":{"rendered":"<p><strong>POLITICA DE PRIVACIDAD<\/strong><\/p>\n<p><strong>1<\/strong><strong>. DATOS IDENTIFICATIVOS: <\/strong>En cumplimiento del deber de informaci\u00f3n recogido en el art\u00edculo 10 de la Ley 34\/2002, de 11 de julio, de Servicios de la Sociedad de la Informaci\u00f3n y del Comercio electr\u00f3nico, a continuaci\u00f3n se reflejan los siguientes datos: la empresa titular de <a href=\"https:\/\/habitat-tech.com\">habitat-tech.com<\/a> es <strong>KALEIDO TECHNOLOGY SOLUTIONS S.L.<\/strong> con CIF B-27.831.320 y domicilio a estos efectos en Calle Pontevedra 4, 3\u00aa Planta, 36.201, Vigo (Pontevedra) con correo electr\u00f3nico de contacto: <a href=\"mailto:kaleido@kaleidologistics.com\">kaleido@kaleidologistics.com<\/a><\/p>\n<p><strong>2. USUARIOS: <\/strong>El acceso y\/o uso de este portal de <strong>KALEIDO TECHNOLOGY SOLUTIONS S.L.<\/strong> atribuye la condici\u00f3n de USUARIO, que acepta, desde dicho acceso y\/o uso, las Condiciones Generales de uso aqu\u00ed reflejadas. Las citadas condiciones ser\u00e1n de aplicaci\u00f3n independientemente de las Condiciones Generales de Contrataci\u00f3n que en su caso resulten de obligado cumplimiento.<\/p>\n<p><strong>3. USO DEL PORTAL: <\/strong><a href=\"https:\/\/habitat-tech.com\">habitat-tech.com<\/a> proporciona el acceso a multitud de informaciones, servicios, programas o datos (en adelante, \u201clos contenidos\u201d) en Internet pertenecientes a <strong>KALEIDO TECHNOLOGY SOLUTIONS S.L.<\/strong> a los que el USUARIO pueda tener acceso. EL USUARIO asume la responsabilidad de uso del portal. Dicha responsabilidad se extiende al registro que fuese necesario para acceder a determinados servicios o contenidos.<\/p>\n<p>En dicho registro el USUARIO ser\u00e1 responsable de aportar informaci\u00f3n veraz y l\u00edcita. Como consecuencia de este registro, al USUARIO se le puede proporcionar una contrase\u00f1a de la que ser\u00e1 responsable, comprometi\u00e9ndose a hacer un uso diligente y confidencial de la misma. EL USUARIO se compromete a hacer un uso adecuado de los contenidos y servicios que <strong>KALEIDO TECHNOLOGY SOLUTIONS S.L.<\/strong> ofrece a trav\u00e9s de su p\u00e1gina Web, comprometi\u00e9ndose a no utilizarlos para actividades que puedan ser il\u00edcitas, contrarias al orden p\u00fablico, a la defensa nacional o a la salud p\u00fablica.<\/p>\n<p>En todo caso, <strong>KALEIDO TECHNOLOGY SOLUTIONS S.L.<\/strong> se reserva el derecho de modificar unilateralmente, en cualquier momento y sin necesidad de previo aviso, la estructura y dise\u00f1o del sitio Web: modificar o eliminar servicios o contenidos, as\u00ed como las condiciones de acceso y\/o uso del sitio Web.<\/p>\n<p>Del mismo modo <strong>KALEIDO TECHNOLOGY SOLUTIONS S.L.<\/strong> se reserva el derecho a modificar en cualquier momento las presentes condiciones de uso, as\u00ed como cualesquiera otras condiciones particulares contenidas en el sitio web <a href=\"https:\/\/habitat-tech.com\">habitat-tech.com<\/a><\/p>\n<p><strong>4. PROTECCI\u00d3N DE DATOS DE CAR\u00c1CTER PERSONAL<\/strong><\/p>\n<table>\n<tbody>\n<tr>\n<td colspan=\"2\" width=\"581\"><strong>INFORMACI\u00d3N B\u00c1SICA SOBRE PROTECCI\u00d3N DE DATOS<\/strong><\/td>\n<\/tr>\n<tr>\n<td width=\"129\"><strong>\u00a0<\/strong><\/p>\n<p><strong>\u00a0<\/strong><\/p>\n<p><strong>Responsable<\/strong><\/td>\n<td width=\"452\"><strong>\u00a0<\/strong><\/p>\n<p>&nbsp;<\/p>\n<p><strong>KALEIDO TECHNOLOGY SOLUTIONS S.L.<\/strong><\/td>\n<\/tr>\n<tr>\n<td width=\"129\"><strong>\u00a0<\/strong><\/p>\n<p><strong>Finalidad<\/strong><\/td>\n<td width=\"452\"><strong>\u00a0<\/strong><\/p>\n<p>Gesti\u00f3n de la solicitud<\/td>\n<\/tr>\n<tr>\n<td width=\"129\"><strong>\u00a0<\/strong><\/p>\n<p><strong>Legitimaci\u00f3n<\/strong><\/td>\n<td width=\"452\">Ejecuci\u00f3n de un contrato \/ prestaci\u00f3n de servicios<\/td>\n<\/tr>\n<tr>\n<td width=\"129\"><strong>\u00a0<\/strong><\/p>\n<p><strong>Destinatarios<\/strong><\/td>\n<td width=\"452\"><strong>\u00a0<\/strong><\/p>\n<p>Otras empresas o filiales del grupo<\/td>\n<\/tr>\n<tr>\n<td width=\"129\"><strong>\u00a0<\/strong><\/p>\n<p><strong>Derechos<\/strong><\/td>\n<td width=\"452\"><strong>\u00a0<\/strong><\/p>\n<p>Puede ejercitar los Accesos, rectificaci\u00f3n, supresi\u00f3n, limitaci\u00f3n, oposici\u00f3n y portabilidad de los datos aportados, como se indica en la informaci\u00f3n adicional.<\/td>\n<\/tr>\n<tr>\n<td width=\"129\"><strong>\u00a0<\/strong><\/p>\n<p><strong>Informaci\u00f3n Adicional<\/strong><\/td>\n<td width=\"452\">&nbsp;<\/p>\n<p>Puede consultar la informaci\u00f3n adicional y detallada sobre Protecci\u00f3n de Datos siguiendo el siguiente enlace<\/p>\n<p><strong>+Info Protecci\u00f3n de Datos<\/strong><\/td>\n<\/tr>\n<\/tbody>\n<\/table>\n<p>&nbsp;<\/p>\n<p><strong>POLITICA DE PRIVACIDAD (II) <\/strong><\/p>\n<p><strong>+Info Protecci\u00f3n de Datos<\/strong><\/p>\n<table>\n<tbody>\n<tr>\n<td colspan=\"2\" width=\"581\"><strong>INFORMACI\u00d3N DETALLADA PROTECCI\u00d3N DE DATOS<\/strong><\/td>\n<\/tr>\n<tr>\n<td width=\"128\"><strong>\u00a0<\/strong><\/p>\n<p><strong>\u00a0<\/strong><\/p>\n<p><strong>Responsable<\/strong><\/td>\n<td width=\"453\"><strong>\u00a0<\/strong><\/p>\n<p>&nbsp;<\/p>\n<p><strong><em>\u00bfQui\u00e9n es el responsable del tratamiento de sus datos?<\/em><\/strong><\/p>\n<p>Identidad: <strong>\u00a0KALEIDO TECHNOLOGY SOLUTIONS S.L.<\/strong><\/p>\n<p>Domicilio Social: Calle Pontevedra 4, 3\u00aa Planta, 36.201, Vigo (Pontevedra)<\/p>\n<p>&nbsp;<\/p>\n<p>Tel\u00e9fono: 986 447 475<\/p>\n<p>Email: <a href=\"mailto:kaleido@kaleidologistics.com\">kaleido@kaleidologistics.com<\/a><\/p>\n<p>Contacto DPD:<\/td>\n<\/tr>\n<tr>\n<td width=\"128\"><strong>\u00a0<\/strong><\/p>\n<p><strong>Finalidad<\/strong><\/td>\n<td width=\"453\"><strong>\u00a0<\/strong><\/p>\n<p><strong><em>\u00bfCon qu\u00e9 finalidad tratamos sus datos personales?<\/em><\/strong><\/p>\n<p>En <strong>KALEIDO TECHNOLOGY SOLUTIONS S.L.<\/strong> tratamos la informaci\u00f3n que nos facilitan las personas interesadas con el fin de gestionar el env\u00edo de la informaci\u00f3n o de los productos solicitados.<\/p>\n<p>Se realizar\u00e1n tratamientos de datos automatizados con el fin de elaborar perfiles con los servicios solicitados o compras realizadas, para poder ofrecerle promociones, ofertas o servicios por los que ha mostrado inter\u00e9s.<\/p>\n<p><strong><em>\u00bfPor cu\u00e1nto tiempo conservaremos sus datos?<\/em><\/strong><\/p>\n<p>Los datos personales facilitados por el usuario se conservar\u00e1n mientras no se solicite la supresi\u00f3n de los mismos por parte del interesado.<\/p>\n<p>&nbsp;<\/td>\n<\/tr>\n<tr>\n<td width=\"128\"><strong>\u00a0<\/strong><\/p>\n<p><strong>Legitimaci\u00f3n<\/strong><\/td>\n<td width=\"453\"><strong>\u00a0<\/strong><\/p>\n<p>La base legal para el tratamiento de sus datos es la ejecuci\u00f3n de su solicitud.<\/td>\n<\/tr>\n<tr>\n<td width=\"128\"><strong>\u00a0<\/strong><\/p>\n<p><strong>Destinatarios<\/strong><\/td>\n<td width=\"453\"><strong>\u00a0<\/strong><\/p>\n<p><strong><em>\u00bfA qu\u00e9 destinatarios se comunicar\u00e1n sus datos?<\/em><\/strong><\/p>\n<p><strong>KALEIDO TECHNOLOGY SOLUTIONS S.L.<\/strong> podr\u00e1 ceder sus datos a otras empresas o filiales del grupo para fines administrativos y de gesti\u00f3n interna.<\/td>\n<\/tr>\n<tr>\n<td width=\"128\"><strong>\u00a0<\/strong><\/p>\n<p><strong>Derechos<\/strong><\/td>\n<td width=\"453\"><strong>\u00a0<\/strong><\/p>\n<p>El usuario podr\u00e1 ejercer en todo momento los derechos de Acceso, Rectificaci\u00f3n, Supresi\u00f3n, Limitaci\u00f3n, Oposici\u00f3n y Portabilidad de los datos aportados,\u00a0 seg\u00fan lo dispuesto en el Reglamento General (UE) 2016\/679 de Protecci\u00f3n de Datos, dirigiendo un escrito en que especifique que derecho desea ejercer al domicilio social arriba indicado, adjuntando copia del documento que lo identifique, a la direcci\u00f3n de correo electr\u00f3nico <a href=\"mailto:kaleido@kaleidologistics.com\">kaleido@kaleidologistics.com<\/a><\/p>\n<p>Asimismo, el interesado puede presentar una reclamaci\u00f3n ante la Autoridad de Control.<\/p>\n<p><strong>\u00a0<\/strong><\/td>\n<\/tr>\n<\/tbody>\n<\/table>\n<p>&nbsp;<\/p>\n<p>&nbsp;<\/p>\n<p>En cumplimiento de lo establecido en el Reglamento General (UE) 2016\/679 de Protecci\u00f3n de Datos, comunicamos al usuario que los datos personales que nos facilite de forma voluntaria , por cualquiera de nuestros medios de recogida de informaci\u00f3n, van a ser incorporados a las Actividades de Tratamiento automatizados de datos de car\u00e1cter personal titularidad de <strong>KALEIDO TECHNOLOGY SOLUTIONS S.L.<\/strong>, con el fin de poderle prestar nuestros servicios, as\u00ed como para mantenerle informado sobre cuestiones relativas a la actividad de la empresa y sus servicios. Los campos marcados con \u201c*\u201d son de car\u00e1cter obligatorio, por lo que la no cumplimentaci\u00f3n de dichos campos impedir\u00e1 al USUARIO disfrutar de algunos de los Servicios e informaciones ofrecidas en la Web. Los datos contenidos en ellos ser\u00e1n tratados de forma confidencial.<\/p>\n<p><strong>KALEIDO TECHNOLOGY SOLUTIONS S.L.<\/strong> cumple \u00edntegramente con la legislaci\u00f3n vigente en materia de protecci\u00f3n de datos de car\u00e1cter personal, y con los compromisos de confidencialidad propios de su actividad.<\/p>\n<p><strong>KALEIDO TECHNOLOGY SOLUTIONS S.L.<\/strong> ha adoptado las medidas t\u00e9cnicas necesarias para mantener el nivel de seguridad requerido, seg\u00fan la naturaleza de los datos personales tratados y las circunstancias del tratamiento, con el objeto de evitar, en la medida de lo posible y siempre seg\u00fan el estado de la t\u00e9cnica, su alteraci\u00f3n, p\u00e9rdida, tratamiento o acceso no autorizado. Para la realizaci\u00f3n de la gesti\u00f3n antes mencionada puede ser necesario que se cedan los datos a encargados del tratamiento, empresas colaboradoras y administraciones p\u00fablicas (las cuales pueden verificar la veracidad de los datos).<\/p>\n<p>En caso de que el USUARIO facilite datos de car\u00e1cter personal, referentes a personas f\u00edsicas distintas a s\u00ed mismo, el USUARIO deber\u00e1, con car\u00e1cter previo a la inclusi\u00f3n, informarles del contenido de la presente clausula, de acuerdo con lo\u00a0 establecido en el Reglamento General (UE) 2016\/679 de Protecci\u00f3n de Datos.<\/p>\n<p><strong>KALEIDO TECHNOLOGY SOLUTIONS S.L.<\/strong> como responsable de la Actividad de Tratamiento, garantiza el ejercicio de los derechos de acceso, rectificaci\u00f3n, supresi\u00f3n, limitaci\u00f3n, oposici\u00f3n y portabilidad de los datos aportados, seg\u00fan lo dispuesto en el Reglamento General (UE) 2016\/679 de Protecci\u00f3n de Datos, el USUARIO podr\u00e1 ejercer en todo momento los derechos, dirigiendo un escrito al domicilio social, adjuntando copia del DNI o Pasaporte.<\/p>\n<p><strong>KALEIDO TECHNOLOGY SOLUTIONS S.L.<\/strong> garantiza que todas las comunicaciones comerciales que dirige a sus clientes cumplen la normativa vigente.<\/p>\n<p>Por ello, en cumplimiento de la Ley 34\/2002 de Servicios de la Sociedad de la Informaci\u00f3n y de Comercio Electr\u00f3nico y la Ley 9\/2014 General de Telecomunicaciones, se informa al USUARIO que <strong>KALEIDO TECHNOLOGY SOLUTIONS S.L.<\/strong> podr\u00e1 enviarle por medios electr\u00f3nicos informaci\u00f3n acerca de productos y servicios de inter\u00e9s a lo que Ud. presta su consentimiento<\/p>\n<p>En cualquier momento podr\u00e1 revocar esta autorizaci\u00f3n en la direcci\u00f3n <a href=\"mailto:kaleido@kaleidologistics.com\">kaleido@kaleidologistics.com<\/a><\/p>\n","protected":false},"excerpt":{"rendered":"<p>POLITICA DE PRIVACIDAD 1. DATOS IDENTIFICATIVOS: En cumplimiento del deber de informaci\u00f3n recogido en el art\u00edculo 10 de la Ley 34\/2002, de 11 de julio, de Servicios de la Sociedad de la Informaci\u00f3n y del Comercio electr\u00f3nico, a continuaci\u00f3n se reflejan los siguientes datos: la empresa titular de habitat-tech.com es KALEIDO TECHNOLOGY SOLUTIONS S.L. con [&hellip;]<\/p>\n","protected":false},"author":4,"featured_media":0,"parent":0,"menu_order":0,"comment_status":"closed","ping_status":"closed","template":"","meta":[],"yoast_head":"<!-- This site is optimized with the Yoast SEO plugin v17.8 - https:\/\/yoast.com\/wordpress\/plugins\/seo\/ -->\n<title>Pol\u00edtica de privacidad - Habitat Tech<\/title>\n<meta name=\"robots\" content=\"index, follow, max-snippet:-1, max-image-preview:large, max-video-preview:-1\" \/>\n<link rel=\"canonical\" href=\"https:\/\/habitat-tech.com\/es\/politica-de-privacidad\/\" \/>\n<meta property=\"og:locale\" content=\"es_ES\" \/>\n<meta property=\"og:type\" content=\"article\" \/>\n<meta property=\"og:title\" content=\"Pol\u00edtica de privacidad - Habitat Tech\" \/>\n<meta property=\"og:description\" content=\"POLITICA DE PRIVACIDAD 1. DATOS IDENTIFICATIVOS: En cumplimiento del deber de informaci\u00f3n recogido en el art\u00edculo 10 de la Ley 34\/2002, de 11 de julio, de Servicios de la Sociedad de la Informaci\u00f3n y del Comercio electr\u00f3nico, a continuaci\u00f3n se reflejan los siguientes datos: la empresa titular de habitat-tech.com es KALEIDO TECHNOLOGY SOLUTIONS S.L. con [&hellip;]\" \/>\n<meta property=\"og:url\" content=\"https:\/\/habitat-tech.com\/es\/politica-de-privacidad\/\" \/>\n<meta property=\"og:site_name\" content=\"Habitat Tech\" \/>\n<meta property=\"article:modified_time\" content=\"2019-06-17T09:26:42+00:00\" \/>\n<meta name=\"twitter:card\" content=\"summary_large_image\" \/>\n<meta name=\"twitter:label1\" content=\"Tiempo de lectura\" \/>\n\t<meta name=\"twitter:data1\" content=\"6 minutos\" \/>\n<script type=\"application\/ld+json\" class=\"yoast-schema-graph\">{\"@context\":\"https:\/\/schema.org\",\"@graph\":[{\"@type\":\"WebSite\",\"@id\":\"https:\/\/habitat-tech.com\/es\/#website\",\"url\":\"https:\/\/habitat-tech.com\/es\/\",\"name\":\"Habitat Tech\",\"description\":\"\",\"potentialAction\":[{\"@type\":\"SearchAction\",\"target\":{\"@type\":\"EntryPoint\",\"urlTemplate\":\"https:\/\/habitat-tech.com\/es\/?s={search_term_string}\"},\"query-input\":\"required name=search_term_string\"}],\"inLanguage\":\"es\"},{\"@type\":\"WebPage\",\"@id\":\"https:\/\/habitat-tech.com\/es\/politica-de-privacidad\/#webpage\",\"url\":\"https:\/\/habitat-tech.com\/es\/politica-de-privacidad\/\",\"name\":\"Pol\\u00edtica de privacidad - Habitat Tech\",\"isPartOf\":{\"@id\":\"https:\/\/habitat-tech.com\/es\/#website\"},\"datePublished\":\"2018-01-03T08:08:13+00:00\",\"dateModified\":\"2019-06-17T09:26:42+00:00\",\"breadcrumb\":{\"@id\":\"https:\/\/habitat-tech.com\/es\/politica-de-privacidad\/#breadcrumb\"},\"inLanguage\":\"es\",\"potentialAction\":[{\"@type\":\"ReadAction\",\"target\":[\"https:\/\/habitat-tech.com\/es\/politica-de-privacidad\/\"]}]},{\"@type\":\"BreadcrumbList\",\"@id\":\"https:\/\/habitat-tech.com\/es\/politica-de-privacidad\/#breadcrumb\",\"itemListElement\":[{\"@type\":\"ListItem\",\"position\":1,\"name\":\"Portada\",\"item\":\"https:\/\/habitat-tech.com\/es\/\"},{\"@type\":\"ListItem\",\"position\":2,\"name\":\"Pol\\u00edtica de privacidad\"}]}]}<\/script>\n<!-- \/ Yoast SEO plugin. -->","yoast_head_json":{"title":"Pol\u00edtica de privacidad - Habitat Tech","robots":{"index":"index","follow":"follow","max-snippet":"max-snippet:-1","max-image-preview":"max-image-preview:large","max-video-preview":"max-video-preview:-1"},"canonical":"https:\/\/habitat-tech.com\/es\/politica-de-privacidad\/","og_locale":"es_ES","og_type":"article","og_title":"Pol\u00edtica de privacidad - Habitat Tech","og_description":"POLITICA DE PRIVACIDAD 1. DATOS IDENTIFICATIVOS: En cumplimiento del deber de informaci\u00f3n recogido en el art\u00edculo 10 de la Ley 34\/2002, de 11 de julio, de Servicios de la Sociedad de la Informaci\u00f3n y del Comercio electr\u00f3nico, a continuaci\u00f3n se reflejan los siguientes datos: la empresa titular de habitat-tech.com es KALEIDO TECHNOLOGY SOLUTIONS S.L. con [&hellip;]","og_url":"https:\/\/habitat-tech.com\/es\/politica-de-privacidad\/","og_site_name":"Habitat Tech","article_modified_time":"2019-06-17T09:26:42+00:00","twitter_card":"summary_large_image","twitter_misc":{"Tiempo de lectura":"6 minutos"},"schema":{"@context":"https:\/\/schema.org","@graph":[{"@type":"WebSite","@id":"https:\/\/habitat-tech.com\/es\/#website","url":"https:\/\/habitat-tech.com\/es\/","name":"Habitat Tech","description":"","potentialAction":[{"@type":"SearchAction","target":{"@type":"EntryPoint","urlTemplate":"https:\/\/habitat-tech.com\/es\/?s={search_term_string}"},"query-input":"required name=search_term_string"}],"inLanguage":"es"},{"@type":"WebPage","@id":"https:\/\/habitat-tech.com\/es\/politica-de-privacidad\/#webpage","url":"https:\/\/habitat-tech.com\/es\/politica-de-privacidad\/","name":"Pol\u00edtica de privacidad - Habitat Tech","isPartOf":{"@id":"https:\/\/habitat-tech.com\/es\/#website"},"datePublished":"2018-01-03T08:08:13+00:00","dateModified":"2019-06-17T09:26:42+00:00","breadcrumb":{"@id":"https:\/\/habitat-tech.com\/es\/politica-de-privacidad\/#breadcrumb"},"inLanguage":"es","potentialAction":[{"@type":"ReadAction","target":["https:\/\/habitat-tech.com\/es\/politica-de-privacidad\/"]}]},{"@type":"BreadcrumbList","@id":"https:\/\/habitat-tech.com\/es\/politica-de-privacidad\/#breadcrumb","itemListElement":[{"@type":"ListItem","position":1,"name":"Portada","item":"https:\/\/habitat-tech.com\/es\/"},{"@type":"ListItem","position":2,"name":"Pol\u00edtica de privacidad"}]}]}},"_links":{"self":[{"href":"https:\/\/habitat-tech.com\/es\/wp-json\/wp\/v2\/pages\/6749"}],"collection":[{"href":"https:\/\/habitat-tech.com\/es\/wp-json\/wp\/v2\/pages"}],"about":[{"href":"https:\/\/habitat-tech.com\/es\/wp-json\/wp\/v2\/types\/page"}],"author":[{"embeddable":true,"href":"https:\/\/habitat-tech.com\/es\/wp-json\/wp\/v2\/users\/4"}],"replies":[{"embeddable":true,"href":"https:\/\/habitat-tech.com\/es\/wp-json\/wp\/v2\/comments?post=6749"}],"version-history":[{"count":9,"href":"https:\/\/habitat-tech.com\/es\/wp-json\/wp\/v2\/pages\/6749\/revisions"}],"predecessor-version":[{"id":7132,"href":"https:\/\/habitat-tech.com\/es\/wp-json\/wp\/v2\/pages\/6749\/revisions\/7132"}],"wp:attachment":[{"href":"https:\/\/habitat-tech.com\/es\/wp-json\/wp\/v2\/media?parent=6749"}],"curies":[{"name":"wp","href":"https:\/\/api.w.org\/{rel}","templated":true}]}}